{"id":496,"date":"2025-03-25T18:57:45","date_gmt":"2025-03-25T17:57:45","guid":{"rendered":"https:\/\/macondoroasters.fr\/?page_id=496"},"modified":"2025-04-10T18:28:47","modified_gmt":"2025-04-10T16:28:47","slug":"conditions-generales-de-vente","status":"publish","type":"page","link":"https:\/\/macondoroasters.fr\/index.php\/conditions-generales-de-vente\/","title":{"rendered":"CONDITIONS G\u00c9N\u00c9RALES DE VENTE"},"content":{"rendered":"\n<p><br><strong>Article 1&nbsp;: PR\u00c9AMBULE<\/strong><br>Les pr\u00e9sentes conditions g\u00e9n\u00e9rales de vente (CGV) sont conclues, d\u2019une part, par la soci\u00e9t\u00e9&nbsp;SARL MACONDO au capital de 10 000 euros dont le si\u00e8ge social est situ\u00e9 au&nbsp;81 Mail Fran\u00e7ois Mitterrand &#8211; 35000 Rennes &#8211; France, immatricul\u00e9e au registre du commerce et des soci\u00e9t\u00e9s de&nbsp;Rennes sous le num\u00e9ro 930 738 422&nbsp;<br>ci-apr\u00e8s d\u00e9nomm\u00e9e \u00ab&nbsp;MACONDO ROASTERS \u00bb, et d\u2019autre part, par toute personne physique ou morale d\u00e9nomm\u00e9e ci-apr\u00e8s \u00ab l&rsquo;acheteur \u00bb souhaitant proc\u00e9der \u00e0 un achat via le site internet de vente en ligne macondoroasters.fr.<br><br>Pour toute information ou question, vous pouvez nous contacter \u00e0 l\u2019adresse suivante&nbsp;: <a href=\"mailto:contact@macondoroasters.fr\"><\/a><a href=\"mailto:contact@moklair.com\"><\/a><a href=\"mailto:contact@macondoroasters.fr\">contact@macondoroasters.fr<\/a>.<\/p>\n\n\n\n<p><strong>Article 2&nbsp;: OBJET<\/strong><br>Les pr\u00e9sentes conditions de vente visent \u00e0 d\u00e9finir les relations contractuelles entre MACONDO ROASTERS et l\u2019acheteur et les conditions applicables \u00e0 tout achat effectu\u00e9 par le biais du site marchand macondoroasters.fr. L\u2019acquisition d\u2019un bien \u00e0 travers le pr\u00e9sent site implique une acceptation sans r\u00e9serve par l\u2019acheteur des pr\u00e9sentes conditions de vente. Ces conditions de vente pr\u00e9vaudront sur toutes autres conditions g\u00e9n\u00e9rales ou particuli\u00e8res non express\u00e9ment agr\u00e9\u00e9es par MACONDO ROASTERS. <br><br>MACONDO ROASTERS se r\u00e9serve de pouvoir modifier ses conditions de vente \u00e0 tout moment. Dans ce cas, les conditions applicables seront celles en vigueur \u00e0 la date de la commande par l\u2019acheteur.<\/p>\n\n\n\n<p><strong>Article 3&nbsp;: PRODUITS<\/strong><br>Les produits et services offerts sont ceux qui figurent dans le catalogue publi\u00e9 dans le site macondoroasters.fr. Ces produits sont offerts dans la limite des stocks disponibles. La soci\u00e9t\u00e9 MACONDO ROASTERS se r\u00e9serve le droit de modifier \u00e0 tout moment l\u2019assortiment de produits. Chaque produit est accompagn\u00e9 d\u2019un descriptif. Les photographies du catalogue sont les plus fid\u00e8les possibles mais ne peuvent assurer une similitude parfaite avec le produit offert.<\/p>\n\n\n\n<p><strong>Article 4 : TARIFS<\/strong><br>Les prix figurant dans le catalogue sont des prix TTC en euro tenant compte de la TVA applicable au jour de la commande. Tout changement du taux pourra \u00eatre r\u00e9percut\u00e9 sur le prix des produits. MACONDO ROASTERS se r\u00e9serve de modifier ses prix \u00e0 tout moment (fluctuation prix mati\u00e8res premi\u00e8res ou offre promotionnelle), \u00e9tant toutefois entendu que le prix figurant au catalogue le jour de la commande sera le seul applicable \u00e0 l\u2019acheteur. Les prix indiqu\u00e9s ne comprennent pas les frais de livraison, factur\u00e9s en suppl\u00e9ment du prix des produits achet\u00e9s suivant le montant total de la commande.<br>La vente en ligne des produits consommables pr\u00e9sent\u00e9s sur le site est accessible aux acheteurs qui r\u00e9sident en France et en Union Europ\u00e9enne.<\/p>\n\n\n\n<p><strong>Article 5 : COMMANDES ET MODALIT\u00c9S DE PAIEMENT<\/strong><br>La confirmation de la commande entra\u00eene acceptation des pr\u00e9sentes conditions de vente, la reconnaissance d\u2019en avoir parfaite connaissance et la renonciation \u00e0 se pr\u00e9valoir de ses propres conditions d\u2019achat ou d\u2019autres conditions. L\u2019ensemble des donn\u00e9es fournies et la confirmation enregistr\u00e9e vaudront preuve de la transaction. La confirmation vaudra signature et acceptation des op\u00e9rations effectu\u00e9es. Le vendeur communiquera par courrier \u00e9lectronique confirmation de la commande enregistr\u00e9e.<br><br>Le paiement est r\u00e9alis\u00e9 par carte bancaire ou virement bancaire. L\u2019acheteur s\u00e9lectionne les produits qu\u2019il souhaite commander dans le \u00ab panier \u00bb, modifie si besoin (quantit\u00e9s, r\u00e9f\u00e9rences etc.), v\u00e9rifie l\u2019adresse de livraison ou en renseigne une nouvelle. Puis, les frais de port sont calcul\u00e9s et soumis \u00e0 l\u2019acheteur, ainsi que le nom du transporteur. Ensuite, l\u2019acheteur choisit le mode de paiement de son choix. L\u2019\u00e9tape suivante lui propose de v\u00e9rifier l\u2019ensemble des informations, prendre connaissance et accepter les pr\u00e9sentes conditions g\u00e9n\u00e9rales de vente en cochant la case correspondante, puis l\u2019invite \u00e0 valider sa commande en cliquant sur le bouton \u00ab <strong><em>Confirmer ma commande <\/em><\/strong>\u00bb.<br><br>\u200bPaiement par virement bancaire : Afin de finaliser son paiement et d\u00e9clencher le traitement de sa commande, l\u2019acheteur doit effectuer le virement correspondant au montant de sa commande vers le compte bancaire de MACONDO ROASTERS dont les coordonn\u00e9es sont communiqu\u00e9es \u00e0 l\u2019acheteur. D\u00e8s r\u00e9ception du virement, la commande sera trait\u00e9e et l\u2019acheteur en sera inform\u00e9 par e-mail.<\/p>\n\n\n\n<p><strong>Article 6 : R<strong>\u00c9<\/strong>TRACTATION<\/strong><br>Le caf\u00e9 et le cacao sont des denr\u00e9es p\u00e9rissables et conform\u00e9ment \u00e0 l\u2019article L221-28 du Code de la consommation, le d\u00e9lai de r\u00e9tractation n\u2019est pas applicable pour les produits \u00ab\u00a0susceptibles de se d\u00e9t\u00e9riorer ou de se p\u00e9rimer rapidement\u00a0\u00bb et \u00ab\u00a0qui ont \u00e9t\u00e9 descell\u00e9s par le consommateur apr\u00e8s la livraison et qui ne peuvent \u00eatre renvoy\u00e9s pour des raisons d&rsquo;hygi\u00e8ne ou de protection de la sant\u00e9\u00a0\u00bb.<\/p>\n\n\n\n<p><strong>Article 7 : LIVRAISONS<\/strong><br>Les livraisons sont faites \u00e0 l\u2019adresse indiqu\u00e9e dans le bon de commande qui ne peut \u00eatre que dans la zone g\u00e9ographique convenue. Les risques sont \u00e0 la charge de l\u2019acqu\u00e9reur \u00e0 compter du moment o\u00f9 les produits ont quitt\u00e9 les locaux de MACONDO ROASTERS. En cas de dommage pendant le transport, la protestation motiv\u00e9e doit \u00eatre formul\u00e9e aupr\u00e8s du transporteur dans un d\u00e9lai de trois jours \u00e0 compter de la livraison. Les d\u00e9lais de livraison ne sont donn\u00e9s qu\u2019\u00e0 titre indicatif. En aucun cas MACONDO ROASTERS ne saurait \u00eatre tenu pour responsable de tout retard ou absence de livraison, ainsi que de leurs cons\u00e9quences, d\u00fb \u00e0 un \u00e9v\u00e8nement ind\u00e9pendant de sa volont\u00e9.<\/p>\n\n\n\n<p><strong>Article 8 : GARANTIE<\/strong><br>Tous les produits fournis par la soci\u00e9t\u00e9 SARL MACONDO b\u00e9n\u00e9ficient de la garantie l\u00e9gale pr\u00e9vue par les articles 1641 et suivants du Code civil. En cas de non conformit\u00e9 d\u2019un produit vendu, il pourra \u00eatre retourn\u00e9 \u00e0 la soci\u00e9t\u00e9 SARL MACONDO qui le reprendra, l\u2019\u00e9changera ou le remboursera. Toutes les r\u00e9clamations, demandes d\u2019\u00e9change ou de remboursement doivent s\u2019effectuer par voie postale \u00e0 l\u2019adresse suivante 81 Mail Fran\u00e7ois Mitterrand, 35000 RENNES dans un d\u00e9lai de trente jours apr\u00e8s livraison.<\/p>\n\n\n\n<p><strong>Article 9 : RESPONSABILIT\u00c9<\/strong><br>MACONDO ROASTERS, dans le processus de vente en ligne, n\u2019est tenu que par une obligation de moyens; sa responsabilit\u00e9 ne pourra \u00eatre engag\u00e9e pour un dommage r\u00e9sultant de l\u2019utilisation du r\u00e9seau Internet tel que perte de donn\u00e9es, intrusion, virus, rupture du service, ou autres probl\u00e8mes involontaires.<\/p>\n\n\n\n<p><strong>Article 10 : PROPRI\u00c9T\u00c9 INTELLECTUELLE<\/strong><br>Tous les \u00e9l\u00e9ments du site macondoroasters.fr sont et restent la propri\u00e9t\u00e9 intellectuelle et exclusive de MACONDO ROASTERS. Personne n\u2019est autoris\u00e9 \u00e0 reproduire, exploiter, rediffuser, ou utiliser \u00e0 quelque titre que ce soit, m\u00eame partiellement, des \u00e9l\u00e9ments du site qu\u2019ils soient sous forme de photo, logo, visuel ou texte. Pour toute demande \u00e0 ce sujet vous pouvez cependant vous adresser \u00e0&nbsp;<a href=\"mailto:contact@macondoroasters.fr\">contact@macondoroasters.fr<\/a>.<\/p>\n\n\n\n<p><strong>Article 11 : DONN\u00c9ES \u00c0<\/strong> <strong>CARACT\u00c8RE PERSONNEL<\/strong><br>La soci\u00e9t\u00e9 MACONDO ROASTERS s\u2019engage \u00e0 pr\u00e9server la confidentialit\u00e9 des informations fournies par l\u2019acheteur, qu\u2019il serait amen\u00e9 \u00e0 transmettre pour l\u2019utilisation de certains services. Les donn\u00e9es collect\u00e9es sur macondoroasters.fr sont exclusivement destin\u00e9es \u00e0 MACONDO ROASTERS et toutes informations personnelles restent confidentielles. Aucune information nominative n\u2019est collect\u00e9e \u00e0 l\u2019insu de l\u2019utilisateur. Toute information le concernant est soumise aux dispositions de la loi n\u00b0 78-17 du 6 janvier 1978 modifi\u00e9e en 2004. A ce titre, l\u2019internaute b\u00e9n\u00e9ficie d\u2019un droit d\u2019acc\u00e8s et de rectification aux informations qui le concernent. Il peut en faire la demande \u00e0 tout moment par courrier \u00e0 l\u2019adresse suivante : SARL MACONDO, 81 Mail Fran\u00e7ois Mitterrand, 35000 RENNES ou par courriel <a href=\"mailto:contact@macondoroasters.fr\"><a href=\"mailto:contact@moklair.com\"><a href=\"mailto:contact@macondoroasters.fr\">contact@macondoroasters.fr<\/a><\/a><\/a>.<\/p>\n\n\n\n<p><strong>Article 12 : ARCHIVAGE<\/strong><br>MACONDO ROASTERS archivera les bons de commandes et les factures sur un support fiable et durable constituant une copie fid\u00e8le conform\u00e9ment aux dispositions de l\u2019article 1348 du Code civil. Les registres informatis\u00e9s de MACONDO ROASTERS seront consid\u00e9r\u00e9s par les parties comme preuve des communications, commandes, paiements et transactions intervenus entre les parties.<\/p>\n\n\n\n<p><strong>Article 13 : R\u00c8GLEMENT DES LITIGES<\/strong><br>Tout litige ou contentieux relatif \u00e0 une commande et\/ou \u00e0 l\u2019interpr\u00e9tation des pr\u00e9sentes conditions g\u00e9n\u00e9rales, est soumis \u00e0 la loi fran\u00e7aise. En cas de litige relatif \u00e0 l\u2019interpr\u00e9tation ou \u00e0 l\u2019ex\u00e9cution des accords convenus entre l\u2019acheteur et MACONDO ROASTERS, une solution amiable sera recherch\u00e9e avant tout recours judiciaire.<br>A d\u00e9faut d\u2019accord amiable, les parties seront recevables \u00e0 saisir le Tribunal de commerce de RENNES.<\/p>\n\n\n\n<p><br><strong><em>Mis \u00e0 jour le 27\/03\/2025<\/em><\/strong><\/p>\n\n\n\n<p><\/p>\n","protected":false},"excerpt":{"rendered":"<p>Article 1&nbsp;: PR\u00c9AMBULELes pr\u00e9sentes conditions g\u00e9n\u00e9rales de vente (CGV) sont conclues, d\u2019une part, par la soci\u00e9t\u00e9&nbsp;SARL MACONDO au capital de 10 000 euros dont le si\u00e8ge social est situ\u00e9 au&nbsp;81 [&hellip;]<\/p>\n","protected":false},"author":1,"featured_media":0,"parent":0,"menu_order":0,"comment_status":"closed","ping_status":"closed","template":"","meta":{"footnotes":""},"class_list":["post-496","page","type-page","status-publish","hentry"],"_links":{"self":[{"href":"https:\/\/macondoroasters.fr\/index.php\/wp-json\/wp\/v2\/pages\/496","targetHints":{"allow":["GET"]}}],"collection":[{"href":"https:\/\/macondoroasters.fr\/index.php\/wp-json\/wp\/v2\/pages"}],"about":[{"href":"https:\/\/macondoroasters.fr\/index.php\/wp-json\/wp\/v2\/types\/page"}],"author":[{"embeddable":true,"href":"https:\/\/macondoroasters.fr\/index.php\/wp-json\/wp\/v2\/users\/1"}],"replies":[{"embeddable":true,"href":"https:\/\/macondoroasters.fr\/index.php\/wp-json\/wp\/v2\/comments?post=496"}],"version-history":[{"count":27,"href":"https:\/\/macondoroasters.fr\/index.php\/wp-json\/wp\/v2\/pages\/496\/revisions"}],"predecessor-version":[{"id":569,"href":"https:\/\/macondoroasters.fr\/index.php\/wp-json\/wp\/v2\/pages\/496\/revisions\/569"}],"wp:attachment":[{"href":"https:\/\/macondoroasters.fr\/index.php\/wp-json\/wp\/v2\/media?parent=496"}],"curies":[{"name":"wp","href":"https:\/\/api.w.org\/{rel}","templated":true}]}}