{"id":500,"date":"2025-03-25T19:03:06","date_gmt":"2025-03-25T18:03:06","guid":{"rendered":"https:\/\/macondoroasters.fr\/?page_id=500"},"modified":"2025-03-28T18:42:02","modified_gmt":"2025-03-28T17:42:02","slug":"mentions-legales","status":"publish","type":"page","link":"https:\/\/macondoroasters.fr\/index.php\/mentions-legales\/","title":{"rendered":"MENTIONS L\u00c9GALES"},"content":{"rendered":"\n<p><strong>ENTREPRISE<\/strong><br>D\u00e9nomination sociale : SARL MACONDO<br>Adresse du si\u00e8ge social : 81 Mail Fran\u00e7ois Mitterrand, 35000 RENNES, FRANCE<br>Capital : 10 000\u20ac<br>N\u00b0 SIRET : 93073842200011<br>N\u00b0 TVA intracommunautaire : FR 50930738422<br>Courriel de contact : contact@macondoroasters.fr<\/p>\n\n\n\n<p><strong>H\u00c9BERGEUR<\/strong><br>D\u00e9nomination sociale : SAS OVH<br>Adresse du si\u00e8ge social : 2 rue Kellermann &#8211; 59100 Roubaix &#8211; France<\/p>\n\n\n\n<p><strong>ACC\u00c8S AU SITE<\/strong><br>L\u2019acc\u00e8s au site et son utilisation sont r\u00e9serv\u00e9s \u00e0 un usage strictement personnel. Vous vous engagez \u00e0 ne pas utiliser ce site et les informations ou donn\u00e9es qui y figurent \u00e0 des fins commerciales, politiques, publicitaires et pour toute forme de sollicitation commerciale et notamment l\u2019envoi de courriers \u00e9lectroniques non sollicit\u00e9s.<\/p>\n\n\n\n<p><strong>CONTENU  DU SITE<\/strong><br>Toutes les marques, photographies, textes, commentaires, illustrations, images anim\u00e9es ou non, s\u00e9quences vid\u00e9o, sons, ainsi que toutes les applications informatiques qui pourraient \u00eatre utilis\u00e9es pour faire fonctionner ce site et plus g\u00e9n\u00e9ralement tous les \u00e9l\u00e9ments reproduits ou utilis\u00e9s sur le site sont prot\u00e9g\u00e9s par les lois en vigueur au titre de la propri\u00e9t\u00e9 intellectuelle.<br>Ils sont la propri\u00e9t\u00e9 pleine et enti\u00e8re de l\u2019\u00e9diteur ou de ses partenaires. Toute reproduction, repr\u00e9sentation, utilisation ou adaptation, sous quelque forme que ce soit, de tout ou partie de ces \u00e9l\u00e9ments, y compris les applications informatiques, sans l\u2019accord pr\u00e9alable et \u00e9crit de l\u2019\u00e9diteur, sont strictement interdites. Le fait pour l\u2019\u00e9diteur de ne pas engager de proc\u00e9dure d\u00e8s la prise de connaissance de ces utilisations non autoris\u00e9es ne vaut pas acceptation desdites utilisations et renonciation aux poursuites.<\/p>\n\n\n\n<p><strong><em>Mis \u00e0 jour le 28\/03\/2025<\/em><\/strong><\/p>\n","protected":false},"excerpt":{"rendered":"<p>ENTREPRISED\u00e9nomination sociale : SARL MACONDOAdresse du si\u00e8ge social : 81 Mail Fran\u00e7ois Mitterrand, 35000 RENNES, FRANCECapital : 10 000\u20acN\u00b0 SIRET : 93073842200011N\u00b0 TVA intracommunautaire : FR 50930738422Courriel de contact : [&hellip;]<\/p>\n","protected":false},"author":1,"featured_media":0,"parent":0,"menu_order":0,"comment_status":"closed","ping_status":"closed","template":"","meta":{"footnotes":""},"class_list":["post-500","page","type-page","status-publish","hentry"],"_links":{"self":[{"href":"https:\/\/macondoroasters.fr\/index.php\/wp-json\/wp\/v2\/pages\/500","targetHints":{"allow":["GET"]}}],"collection":[{"href":"https:\/\/macondoroasters.fr\/index.php\/wp-json\/wp\/v2\/pages"}],"about":[{"href":"https:\/\/macondoroasters.fr\/index.php\/wp-json\/wp\/v2\/types\/page"}],"author":[{"embeddable":true,"href":"https:\/\/macondoroasters.fr\/index.php\/wp-json\/wp\/v2\/users\/1"}],"replies":[{"embeddable":true,"href":"https:\/\/macondoroasters.fr\/index.php\/wp-json\/wp\/v2\/comments?post=500"}],"version-history":[{"count":5,"href":"https:\/\/macondoroasters.fr\/index.php\/wp-json\/wp\/v2\/pages\/500\/revisions"}],"predecessor-version":[{"id":558,"href":"https:\/\/macondoroasters.fr\/index.php\/wp-json\/wp\/v2\/pages\/500\/revisions\/558"}],"wp:attachment":[{"href":"https:\/\/macondoroasters.fr\/index.php\/wp-json\/wp\/v2\/media?parent=500"}],"curies":[{"name":"wp","href":"https:\/\/api.w.org\/{rel}","templated":true}]}}